{"id":1848,"date":"2017-03-30T13:46:25","date_gmt":"2017-03-30T11:46:25","guid":{"rendered":"http:\/\/suv.noodev.be\/e1\/?page_id=1848"},"modified":"2023-07-10T17:51:28","modified_gmt":"2023-07-10T15:51:28","slug":"coeur-de-cathy","status":"publish","type":"page","link":"https:\/\/sauveunevie.be\/e1\/","title":{"rendered":"Le coeur de Cathy"},"content":{"rendered":"","protected":false},"excerpt":{"rendered":"","protected":false},"author":3,"featured_media":4158,"parent":0,"menu_order":0,"comment_status":"closed","ping_status":"closed","template":"template\/tpl_experience.php","meta":[],"acf":[],"yoast_head":"<!-- This site is optimized with the Yoast SEO plugin v21.7 - https:\/\/yoast.com\/wordpress\/plugins\/seo\/ -->\n<title>Le coeur de Cathy - Sauve une vie - \u00c9pisode 1<\/title>\n<meta name=\"description\" content=\"Chaque jour, des Belges meurent de crise cardiaque parce que trop peu de gens sont form\u00e9s aux gestes de premier secours. Soyez le h\u00e9ros de ce film interactif qui vous apprendra \u00e0 sauver des vies\" \/>\n<meta name=\"robots\" content=\"index, follow, max-snippet:-1, max-image-preview:large, max-video-preview:-1\" \/>\n<link rel=\"canonical\" href=\"https:\/\/sauveunevie.be\/e1\/\" \/>\n<meta property=\"og:locale\" content=\"fr_FR\" \/>\n<meta property=\"og:type\" content=\"article\" \/>\n<meta property=\"og:title\" content=\"Le coeur de Cathy - Sauve une vie - \u00c9pisode 1\" \/>\n<meta property=\"og:description\" content=\"Chaque jour, des Belges meurent de crise cardiaque parce que trop peu de gens sont form\u00e9s aux gestes de premier secours. Soyez le h\u00e9ros de ce film interactif qui vous apprendra \u00e0 sauver des vies\" \/>\n<meta property=\"og:url\" content=\"https:\/\/sauveunevie.be\/e1\/\" \/>\n<meta property=\"og:site_name\" content=\"Sauve une vie - \u00c9pisode 1\" \/>\n<meta property=\"article:modified_time\" content=\"2023-07-10T15:51:28+00:00\" \/>\n<meta property=\"og:image\" content=\"https:\/\/sauveunevie.be\/e1\/wp-content\/uploads\/sites\/2\/2017\/05\/share.jpg\" \/>\n\t<meta property=\"og:image:width\" content=\"1200\" \/>\n\t<meta property=\"og:image:height\" content=\"630\" \/>\n\t<meta property=\"og:image:type\" content=\"image\/jpeg\" \/>\n<meta name=\"twitter:card\" content=\"summary_large_image\" \/>\n<script type=\"application\/ld+json\" class=\"yoast-schema-graph\">{\"@context\":\"https:\/\/schema.org\",\"@graph\":[{\"@type\":\"WebPage\",\"@id\":\"https:\/\/sauveunevie.be\/e1\/\",\"url\":\"https:\/\/sauveunevie.be\/e1\/\",\"name\":\"Le coeur de Cathy - Sauve une vie - \u00c9pisode 1\",\"isPartOf\":{\"@id\":\"https:\/\/sauveunevie.be\/e1\/#website\"},\"datePublished\":\"2017-03-30T11:46:25+00:00\",\"dateModified\":\"2023-07-10T15:51:28+00:00\",\"description\":\"Chaque jour, des Belges meurent de crise cardiaque parce que trop peu de gens sont form\u00e9s aux gestes de premier secours. Soyez le h\u00e9ros de ce film interactif qui vous apprendra \u00e0 sauver des vies\",\"breadcrumb\":{\"@id\":\"https:\/\/sauveunevie.be\/e1\/#breadcrumb\"},\"inLanguage\":\"fr-FR\",\"potentialAction\":[{\"@type\":\"ReadAction\",\"target\":[\"https:\/\/sauveunevie.be\/e1\/\"]}]},{\"@type\":\"BreadcrumbList\",\"@id\":\"https:\/\/sauveunevie.be\/e1\/#breadcrumb\",\"itemListElement\":[{\"@type\":\"ListItem\",\"position\":1,\"name\":\"Accueil\",\"item\":\"https:\/\/sauveunevie.be\/e1\/\"},{\"@type\":\"ListItem\",\"position\":2,\"name\":\"Le coeur de Cathy\"}]},{\"@type\":\"WebSite\",\"@id\":\"https:\/\/sauveunevie.be\/e1\/#website\",\"url\":\"https:\/\/sauveunevie.be\/e1\/\",\"name\":\"Sauve une vie - \u00c9pisode 1\",\"description\":\"Le coeur de Cathy\",\"potentialAction\":[{\"@type\":\"SearchAction\",\"target\":{\"@type\":\"EntryPoint\",\"urlTemplate\":\"https:\/\/sauveunevie.be\/e1\/?s={search_term_string}\"},\"query-input\":\"required name=search_term_string\"}],\"inLanguage\":\"fr-FR\"}]}<\/script>\n<!-- \/ Yoast SEO plugin. -->","yoast_head_json":{"title":"Le coeur de Cathy - Sauve une vie - \u00c9pisode 1","description":"Chaque jour, des Belges meurent de crise cardiaque parce que trop peu de gens sont form\u00e9s aux gestes de premier secours. Soyez le h\u00e9ros de ce film interactif qui vous apprendra \u00e0 sauver des vies","robots":{"index":"index","follow":"follow","max-snippet":"max-snippet:-1","max-image-preview":"max-image-preview:large","max-video-preview":"max-video-preview:-1"},"canonical":"https:\/\/sauveunevie.be\/e1\/","og_locale":"fr_FR","og_type":"article","og_title":"Le coeur de Cathy - Sauve une vie - \u00c9pisode 1","og_description":"Chaque jour, des Belges meurent de crise cardiaque parce que trop peu de gens sont form\u00e9s aux gestes de premier secours. Soyez le h\u00e9ros de ce film interactif qui vous apprendra \u00e0 sauver des vies","og_url":"https:\/\/sauveunevie.be\/e1\/","og_site_name":"Sauve une vie - \u00c9pisode 1","article_modified_time":"2023-07-10T15:51:28+00:00","og_image":[{"width":1200,"height":630,"url":"https:\/\/sauveunevie.be\/e1\/wp-content\/uploads\/sites\/2\/2017\/05\/share.jpg","type":"image\/jpeg"}],"twitter_card":"summary_large_image","schema":{"@context":"https:\/\/schema.org","@graph":[{"@type":"WebPage","@id":"https:\/\/sauveunevie.be\/e1\/","url":"https:\/\/sauveunevie.be\/e1\/","name":"Le coeur de Cathy - Sauve une vie - \u00c9pisode 1","isPartOf":{"@id":"https:\/\/sauveunevie.be\/e1\/#website"},"datePublished":"2017-03-30T11:46:25+00:00","dateModified":"2023-07-10T15:51:28+00:00","description":"Chaque jour, des Belges meurent de crise cardiaque parce que trop peu de gens sont form\u00e9s aux gestes de premier secours. Soyez le h\u00e9ros de ce film interactif qui vous apprendra \u00e0 sauver des vies","breadcrumb":{"@id":"https:\/\/sauveunevie.be\/e1\/#breadcrumb"},"inLanguage":"fr-FR","potentialAction":[{"@type":"ReadAction","target":["https:\/\/sauveunevie.be\/e1\/"]}]},{"@type":"BreadcrumbList","@id":"https:\/\/sauveunevie.be\/e1\/#breadcrumb","itemListElement":[{"@type":"ListItem","position":1,"name":"Accueil","item":"https:\/\/sauveunevie.be\/e1\/"},{"@type":"ListItem","position":2,"name":"Le coeur de Cathy"}]},{"@type":"WebSite","@id":"https:\/\/sauveunevie.be\/e1\/#website","url":"https:\/\/sauveunevie.be\/e1\/","name":"Sauve une vie - \u00c9pisode 1","description":"Le coeur de Cathy","potentialAction":[{"@type":"SearchAction","target":{"@type":"EntryPoint","urlTemplate":"https:\/\/sauveunevie.be\/e1\/?s={search_term_string}"},"query-input":"required name=search_term_string"}],"inLanguage":"fr-FR"}]}},"lang":"fr","translations":{"fr":1848,"nl":275336,"de":275339,"en":275333},"pll_sync_post":[],"_links":{"self":[{"href":"https:\/\/sauveunevie.be\/e1\/wp-json\/wp\/v2\/pages\/1848"}],"collection":[{"href":"https:\/\/sauveunevie.be\/e1\/wp-json\/wp\/v2\/pages"}],"about":[{"href":"https:\/\/sauveunevie.be\/e1\/wp-json\/wp\/v2\/types\/page"}],"author":[{"embeddable":true,"href":"https:\/\/sauveunevie.be\/e1\/wp-json\/wp\/v2\/users\/3"}],"replies":[{"embeddable":true,"href":"https:\/\/sauveunevie.be\/e1\/wp-json\/wp\/v2\/comments?post=1848"}],"version-history":[{"count":8,"href":"https:\/\/sauveunevie.be\/e1\/wp-json\/wp\/v2\/pages\/1848\/revisions"}],"predecessor-version":[{"id":383824,"href":"https:\/\/sauveunevie.be\/e1\/wp-json\/wp\/v2\/pages\/1848\/revisions\/383824"}],"wp:featuredmedia":[{"embeddable":true,"href":"https:\/\/sauveunevie.be\/e1\/wp-json\/wp\/v2\/media\/4158"}],"wp:attachment":[{"href":"https:\/\/sauveunevie.be\/e1\/wp-json\/wp\/v2\/media?parent=1848"}],"curies":[{"name":"wp","href":"https:\/\/api.w.org\/{rel}","templated":true}]}}