{"id":275333,"date":"2019-05-27T10:45:31","date_gmt":"2019-05-27T08:45:31","guid":{"rendered":"http:\/\/suv.noodev.be\/e1\/?page_id=275333"},"modified":"2023-07-10T17:52:13","modified_gmt":"2023-07-10T15:52:13","slug":"coeur-de-cathy","status":"publish","type":"page","link":"https:\/\/sauveunevie.be\/e1\/en\/","title":{"rendered":"Cathy\u2019s heart"},"content":{"rendered":"","protected":false},"excerpt":{"rendered":"","protected":false},"author":2,"featured_media":275334,"parent":0,"menu_order":0,"comment_status":"closed","ping_status":"closed","template":"template\/tpl_experience.php","meta":[],"acf":[],"yoast_head":"<!-- This site is optimized with the Yoast SEO plugin v21.7 - https:\/\/yoast.com\/wordpress\/plugins\/seo\/ -->\n<title>Cathy\u2019s heart - Sauve une vie - \u00c9pisode 1<\/title>\n<meta name=\"description\" content=\"Chaque jour, des Belges meurent de crise cardiaque parce que trop peu de gens sont form\u00e9s aux gestes de premier secours. Soyez le h\u00e9ros de ce film interactif qui vous apprendra \u00e0 sauver des vies\" \/>\n<meta name=\"robots\" content=\"index, follow, max-snippet:-1, max-image-preview:large, max-video-preview:-1\" \/>\n<link rel=\"canonical\" href=\"https:\/\/sauveunevie.be\/e1\/en\/\" \/>\n<meta property=\"og:locale\" content=\"fr_FR\" \/>\n<meta property=\"og:type\" content=\"article\" \/>\n<meta property=\"og:title\" content=\"Cathy\u2019s heart - Sauve une vie - \u00c9pisode 1\" \/>\n<meta property=\"og:description\" content=\"Chaque jour, des Belges meurent de crise cardiaque parce que trop peu de gens sont form\u00e9s aux gestes de premier secours. Soyez le h\u00e9ros de ce film interactif qui vous apprendra \u00e0 sauver des vies\" \/>\n<meta property=\"og:url\" content=\"https:\/\/sauveunevie.be\/e1\/en\/\" \/>\n<meta property=\"og:site_name\" content=\"Sauve une vie - \u00c9pisode 1\" \/>\n<meta property=\"article:modified_time\" content=\"2023-07-10T15:52:13+00:00\" \/>\n<meta property=\"og:image\" content=\"https:\/\/sauveunevie.be\/e1\/wp-content\/uploads\/sites\/2\/2017\/05\/share.jpg\" \/>\n\t<meta property=\"og:image:width\" content=\"1200\" \/>\n\t<meta property=\"og:image:height\" content=\"630\" \/>\n\t<meta property=\"og:image:type\" content=\"image\/jpeg\" \/>\n<meta name=\"twitter:card\" content=\"summary_large_image\" \/>\n<script type=\"application\/ld+json\" class=\"yoast-schema-graph\">{\"@context\":\"https:\/\/schema.org\",\"@graph\":[{\"@type\":\"WebPage\",\"@id\":\"https:\/\/sauveunevie.be\/e1\/en\/\",\"url\":\"https:\/\/sauveunevie.be\/e1\/en\/\",\"name\":\"Cathy\u2019s heart - Sauve une vie - \u00c9pisode 1\",\"isPartOf\":{\"@id\":\"https:\/\/sauveunevie.be\/e1\/#website\"},\"datePublished\":\"2019-05-27T08:45:31+00:00\",\"dateModified\":\"2023-07-10T15:52:13+00:00\",\"description\":\"Chaque jour, des Belges meurent de crise cardiaque parce que trop peu de gens sont form\u00e9s aux gestes de premier secours. Soyez le h\u00e9ros de ce film interactif qui vous apprendra \u00e0 sauver des vies\",\"breadcrumb\":{\"@id\":\"https:\/\/sauveunevie.be\/e1\/en\/#breadcrumb\"},\"inLanguage\":\"fr-FR\",\"potentialAction\":[{\"@type\":\"ReadAction\",\"target\":[\"https:\/\/sauveunevie.be\/e1\/en\/\"]}]},{\"@type\":\"BreadcrumbList\",\"@id\":\"https:\/\/sauveunevie.be\/e1\/en\/#breadcrumb\",\"itemListElement\":[{\"@type\":\"ListItem\",\"position\":1,\"name\":\"Accueil\",\"item\":\"https:\/\/sauveunevie.be\/e1\/\"},{\"@type\":\"ListItem\",\"position\":2,\"name\":\"Cathy\u2019s heart\"}]},{\"@type\":\"WebSite\",\"@id\":\"https:\/\/sauveunevie.be\/e1\/#website\",\"url\":\"https:\/\/sauveunevie.be\/e1\/\",\"name\":\"Sauve une vie - \u00c9pisode 1\",\"description\":\"Le coeur de Cathy\",\"potentialAction\":[{\"@type\":\"SearchAction\",\"target\":{\"@type\":\"EntryPoint\",\"urlTemplate\":\"https:\/\/sauveunevie.be\/e1\/?s={search_term_string}\"},\"query-input\":\"required name=search_term_string\"}],\"inLanguage\":\"fr-FR\"}]}<\/script>\n<!-- \/ Yoast SEO plugin. -->","yoast_head_json":{"title":"Cathy\u2019s heart - Sauve une vie - \u00c9pisode 1","description":"Chaque jour, des Belges meurent de crise cardiaque parce que trop peu de gens sont form\u00e9s aux gestes de premier secours. Soyez le h\u00e9ros de ce film interactif qui vous apprendra \u00e0 sauver des vies","robots":{"index":"index","follow":"follow","max-snippet":"max-snippet:-1","max-image-preview":"max-image-preview:large","max-video-preview":"max-video-preview:-1"},"canonical":"https:\/\/sauveunevie.be\/e1\/en\/","og_locale":"fr_FR","og_type":"article","og_title":"Cathy\u2019s heart - Sauve une vie - \u00c9pisode 1","og_description":"Chaque jour, des Belges meurent de crise cardiaque parce que trop peu de gens sont form\u00e9s aux gestes de premier secours. Soyez le h\u00e9ros de ce film interactif qui vous apprendra \u00e0 sauver des vies","og_url":"https:\/\/sauveunevie.be\/e1\/en\/","og_site_name":"Sauve une vie - \u00c9pisode 1","article_modified_time":"2023-07-10T15:52:13+00:00","og_image":[{"width":1200,"height":630,"url":"https:\/\/sauveunevie.be\/e1\/wp-content\/uploads\/sites\/2\/2017\/05\/share.jpg","type":"image\/jpeg"}],"twitter_card":"summary_large_image","schema":{"@context":"https:\/\/schema.org","@graph":[{"@type":"WebPage","@id":"https:\/\/sauveunevie.be\/e1\/en\/","url":"https:\/\/sauveunevie.be\/e1\/en\/","name":"Cathy\u2019s heart - Sauve une vie - \u00c9pisode 1","isPartOf":{"@id":"https:\/\/sauveunevie.be\/e1\/#website"},"datePublished":"2019-05-27T08:45:31+00:00","dateModified":"2023-07-10T15:52:13+00:00","description":"Chaque jour, des Belges meurent de crise cardiaque parce que trop peu de gens sont form\u00e9s aux gestes de premier secours. Soyez le h\u00e9ros de ce film interactif qui vous apprendra \u00e0 sauver des vies","breadcrumb":{"@id":"https:\/\/sauveunevie.be\/e1\/en\/#breadcrumb"},"inLanguage":"fr-FR","potentialAction":[{"@type":"ReadAction","target":["https:\/\/sauveunevie.be\/e1\/en\/"]}]},{"@type":"BreadcrumbList","@id":"https:\/\/sauveunevie.be\/e1\/en\/#breadcrumb","itemListElement":[{"@type":"ListItem","position":1,"name":"Accueil","item":"https:\/\/sauveunevie.be\/e1\/"},{"@type":"ListItem","position":2,"name":"Cathy\u2019s heart"}]},{"@type":"WebSite","@id":"https:\/\/sauveunevie.be\/e1\/#website","url":"https:\/\/sauveunevie.be\/e1\/","name":"Sauve une vie - \u00c9pisode 1","description":"Le coeur de Cathy","potentialAction":[{"@type":"SearchAction","target":{"@type":"EntryPoint","urlTemplate":"https:\/\/sauveunevie.be\/e1\/?s={search_term_string}"},"query-input":"required name=search_term_string"}],"inLanguage":"fr-FR"}]}},"lang":"en","translations":{"en":275333,"nl":275336,"fr":1848,"de":275339},"pll_sync_post":[],"_links":{"self":[{"href":"https:\/\/sauveunevie.be\/e1\/wp-json\/wp\/v2\/pages\/275333"}],"collection":[{"href":"https:\/\/sauveunevie.be\/e1\/wp-json\/wp\/v2\/pages"}],"about":[{"href":"https:\/\/sauveunevie.be\/e1\/wp-json\/wp\/v2\/types\/page"}],"author":[{"embeddable":true,"href":"https:\/\/sauveunevie.be\/e1\/wp-json\/wp\/v2\/users\/2"}],"replies":[{"embeddable":true,"href":"https:\/\/sauveunevie.be\/e1\/wp-json\/wp\/v2\/comments?post=275333"}],"version-history":[{"count":6,"href":"https:\/\/sauveunevie.be\/e1\/wp-json\/wp\/v2\/pages\/275333\/revisions"}],"predecessor-version":[{"id":383828,"href":"https:\/\/sauveunevie.be\/e1\/wp-json\/wp\/v2\/pages\/275333\/revisions\/383828"}],"wp:featuredmedia":[{"embeddable":true,"href":"https:\/\/sauveunevie.be\/e1\/wp-json\/wp\/v2\/media\/275334"}],"wp:attachment":[{"href":"https:\/\/sauveunevie.be\/e1\/wp-json\/wp\/v2\/media?parent=275333"}],"curies":[{"name":"wp","href":"https:\/\/api.w.org\/{rel}","templated":true}]}}